{"id":754,"date":"2025-09-26T09:40:57","date_gmt":"2025-09-26T09:40:57","guid":{"rendered":"https:\/\/watercly.com\/instrucciones\/"},"modified":"2025-11-01T11:30:53","modified_gmt":"2025-11-01T11:30:53","slug":"instrucciones","status":"publish","type":"page","link":"https:\/\/watercly.com\/es\/instrucciones\/","title":{"rendered":"Instrucciones"},"content":{"rendered":"\t\t<div data-elementor-type=\"wp-page\" data-elementor-id=\"754\" class=\"elementor elementor-754 elementor-387\" data-elementor-post-type=\"page\">\n\t\t\t\t<div class=\"elementor-element elementor-element-59bbff2 e-flex e-con-boxed e-con e-parent\" data-id=\"59bbff2\" data-element_type=\"container\" data-e-type=\"container\">\n\t\t\t\t\t<div class=\"e-con-inner\">\n\t\t<div class=\"elementor-element elementor-element-2cd54d2 e-con-full e-flex e-con e-child\" data-id=\"2cd54d2\" data-element_type=\"container\" data-e-type=\"container\">\n\t\t\t\t<div class=\"elementor-element elementor-element-268e16d elementor-hidden-desktop elementor-widget elementor-widget-heading\" data-id=\"268e16d\" data-element_type=\"widget\" data-e-type=\"widget\" data-widget_type=\"heading.default\">\n\t\t\t\t\t<h2 class=\"elementor-heading-title elementor-size-default\">Instrucciones<\/h2>\t\t\t\t<\/div>\n\t\t\t\t<div class=\"elementor-element elementor-element-1616de9 elementor-widget elementor-widget-image\" data-id=\"1616de9\" data-element_type=\"widget\" data-e-type=\"widget\" data-widget_type=\"image.default\">\n\t\t\t\t\t\t\t\t\t\t\t\t\t\t\t<img fetchpriority=\"high\" decoding=\"async\" width=\"415\" height=\"583\" src=\"https:\/\/watercly.com\/wp-content\/uploads\/2025\/09\/photook.webp\" class=\"attachment-large size-large wp-image-645\" alt=\"\" srcset=\"https:\/\/watercly.com\/wp-content\/uploads\/2025\/09\/photook.webp 415w, https:\/\/watercly.com\/wp-content\/uploads\/2025\/09\/photook-214x300.webp 214w\" sizes=\"(max-width: 415px) 100vw, 415px\" \/>\t\t\t\t\t\t\t\t\t\t\t\t\t\t\t<\/div>\n\t\t\t\t<\/div>\n\t\t<div class=\"elementor-element elementor-element-5623ee4 e-con-full e-flex e-con e-child\" data-id=\"5623ee4\" data-element_type=\"container\" data-e-type=\"container\">\n\t\t\t\t<div class=\"elementor-element elementor-element-da0ec6b elementor-hidden-tablet elementor-hidden-mobile elementor-widget elementor-widget-heading\" data-id=\"da0ec6b\" data-element_type=\"widget\" data-e-type=\"widget\" data-widget_type=\"heading.default\">\n\t\t\t\t\t<h2 class=\"elementor-heading-title elementor-size-default\">Gu\u00eda para elegir una foto<\/h2>\t\t\t\t<\/div>\n\t\t\t\t<div class=\"elementor-element elementor-element-382f58c elementor-widget elementor-widget-text-editor\" data-id=\"382f58c\" data-element_type=\"widget\" data-e-type=\"widget\" data-widget_type=\"text-editor.default\">\n\t\t\t\t\t\t\t\t\t<p>Para que tu acuarela quede perfecta, es muy importante que la foto que env\u00edes sea clara y de buena calidad.<\/p><p><strong>Cuanto mejor sea la foto, mejor ser\u00e1 el resultado final.<\/strong><\/p>\t\t\t\t\t\t\t\t<\/div>\n\t\t\t\t<\/div>\n\t\t\t\t\t<\/div>\n\t\t\t\t<\/div>\n\t\t<div class=\"elementor-element elementor-element-02da20f e-flex e-con-boxed e-con e-parent\" data-id=\"02da20f\" data-element_type=\"container\" data-e-type=\"container\">\n\t\t\t\t\t<div class=\"e-con-inner\">\n\t\t<div class=\"elementor-element elementor-element-6d028a7 e-con-full e-flex e-con e-child\" data-id=\"6d028a7\" data-element_type=\"container\" data-e-type=\"container\">\n\t\t\t\t<div class=\"elementor-element elementor-element-5a4eb83 elementor-widget elementor-widget-image\" data-id=\"5a4eb83\" data-element_type=\"widget\" data-e-type=\"widget\" data-widget_type=\"image.default\">\n\t\t\t\t\t\t\t\t\t\t\t\t\t\t\t<img decoding=\"async\" width=\"431\" height=\"421\" src=\"https:\/\/watercly.com\/wp-content\/uploads\/2025\/09\/not-people-1.webp\" class=\"attachment-large size-large wp-image-648\" alt=\"\" srcset=\"https:\/\/watercly.com\/wp-content\/uploads\/2025\/09\/not-people-1.webp 431w, https:\/\/watercly.com\/wp-content\/uploads\/2025\/09\/not-people-1-300x293.webp 300w\" sizes=\"(max-width: 431px) 100vw, 431px\" \/>\t\t\t\t\t\t\t\t\t\t\t\t\t\t\t<\/div>\n\t\t\t\t<div class=\"elementor-element elementor-element-dc70a1c elementor-widget elementor-widget-heading\" data-id=\"dc70a1c\" data-element_type=\"widget\" data-e-type=\"widget\" data-widget_type=\"heading.default\">\n\t\t\t\t\t<h2 class=\"elementor-heading-title elementor-size-default\">Imagen completa del sujeto<\/h2>\t\t\t\t<\/div>\n\t\t\t\t<div class=\"elementor-element elementor-element-b1116b5 elementor-widget elementor-widget-text-editor\" data-id=\"b1116b5\" data-element_type=\"widget\" data-e-type=\"widget\" data-widget_type=\"text-editor.default\">\n\t\t\t\t\t\t\t\t\t<p>Por ejemplo, si deseas un retrato, evita las fotos en las que la persona est\u00e9 rodeada de mucha gente y que su imagen se vea incompleta; lo ideal es que el sujeto aparezca solo y sin distracciones.<\/p>\t\t\t\t\t\t\t\t<\/div>\n\t\t\t\t<\/div>\n\t\t<div class=\"elementor-element elementor-element-df6b2c1 e-con-full e-flex e-con e-child\" data-id=\"df6b2c1\" data-element_type=\"container\" data-e-type=\"container\">\n\t\t\t\t<div class=\"elementor-element elementor-element-6542268 elementor-widget elementor-widget-image\" data-id=\"6542268\" data-element_type=\"widget\" data-e-type=\"widget\" data-widget_type=\"image.default\">\n\t\t\t\t\t\t\t\t\t\t\t\t\t\t\t<img decoding=\"async\" width=\"437\" height=\"432\" src=\"https:\/\/watercly.com\/wp-content\/uploads\/2025\/09\/not-blur-3.webp\" class=\"attachment-large size-large wp-image-650\" alt=\"\" srcset=\"https:\/\/watercly.com\/wp-content\/uploads\/2025\/09\/not-blur-3.webp 437w, https:\/\/watercly.com\/wp-content\/uploads\/2025\/09\/not-blur-3-300x297.webp 300w, https:\/\/watercly.com\/wp-content\/uploads\/2025\/09\/not-blur-3-100x100.webp 100w\" sizes=\"(max-width: 437px) 100vw, 437px\" \/>\t\t\t\t\t\t\t\t\t\t\t\t\t\t\t<\/div>\n\t\t\t\t<div class=\"elementor-element elementor-element-eed3542 elementor-widget elementor-widget-heading\" data-id=\"eed3542\" data-element_type=\"widget\" data-e-type=\"widget\" data-widget_type=\"heading.default\">\n\t\t\t\t\t<h2 class=\"elementor-heading-title elementor-size-default\">Buena calidad y detalles definidos<\/h2>\t\t\t\t<\/div>\n\t\t\t\t<div class=\"elementor-element elementor-element-131f629 elementor-widget elementor-widget-text-editor\" data-id=\"131f629\" data-element_type=\"widget\" data-e-type=\"widget\" data-widget_type=\"text-editor.default\">\n\t\t\t\t\t\t\t\t\t<p>Env\u00eda fotos claras y n\u00edtidas para que pueda captar y reproducir cada detalle con precisi\u00f3n en tu acuarela.<\/p>\t\t\t\t\t\t\t\t<\/div>\n\t\t\t\t<\/div>\n\t\t<div class=\"elementor-element elementor-element-c008815 e-con-full e-flex e-con e-child\" data-id=\"c008815\" data-element_type=\"container\" data-e-type=\"container\">\n\t\t\t\t<div class=\"elementor-element elementor-element-b324fab elementor-widget elementor-widget-image\" data-id=\"b324fab\" data-element_type=\"widget\" data-e-type=\"widget\" data-widget_type=\"image.default\">\n\t\t\t\t\t\t\t\t\t\t\t\t\t\t\t<img loading=\"lazy\" decoding=\"async\" width=\"444\" height=\"431\" src=\"https:\/\/watercly.com\/wp-content\/uploads\/2025\/09\/not-cut-1.webp\" class=\"attachment-large size-large wp-image-647\" alt=\"\" srcset=\"https:\/\/watercly.com\/wp-content\/uploads\/2025\/09\/not-cut-1.webp 444w, https:\/\/watercly.com\/wp-content\/uploads\/2025\/09\/not-cut-1-300x291.webp 300w\" sizes=\"(max-width: 444px) 100vw, 444px\" \/>\t\t\t\t\t\t\t\t\t\t\t\t\t\t\t<\/div>\n\t\t\t\t<div class=\"elementor-element elementor-element-0508496 elementor-widget elementor-widget-heading\" data-id=\"0508496\" data-element_type=\"widget\" data-e-type=\"widget\" data-widget_type=\"heading.default\">\n\t\t\t\t\t<h2 class=\"elementor-heading-title elementor-size-default\">Evita las im\u00e1genes cortadas<\/h2>\t\t\t\t<\/div>\n\t\t\t\t<div class=\"elementor-element elementor-element-37ee574 elementor-widget elementor-widget-text-editor\" data-id=\"37ee574\" data-element_type=\"widget\" data-e-type=\"widget\" data-widget_type=\"text-editor.default\">\n\t\t\t\t\t\t\t\t\t<p>Aseg\u00farate de que el sujeto no aparece cortado. Los mejores resultados se obtienen cuando la persona o mascota se encuentra completamente dentro del marco de la foto<\/p>\t\t\t\t\t\t\t\t<\/div>\n\t\t\t\t<\/div>\n\t\t\t\t\t<\/div>\n\t\t\t\t<\/div>\n\t\t<div class=\"elementor-element elementor-element-07ac159 e-flex e-con-boxed e-con e-parent\" data-id=\"07ac159\" data-element_type=\"container\" data-e-type=\"container\" data-settings=\"{&quot;background_background&quot;:&quot;classic&quot;}\">\n\t\t\t\t\t<div class=\"e-con-inner\">\n\t\t\t\t<div class=\"elementor-element elementor-element-9650b37 elementor-icon-list--layout-traditional elementor-list-item-link-full_width elementor-widget elementor-widget-icon-list\" data-id=\"9650b37\" data-element_type=\"widget\" data-e-type=\"widget\" data-widget_type=\"icon-list.default\">\n\t\t\t\t\t\t\t<ul class=\"elementor-icon-list-items\">\n\t\t\t\t\t\t\t<li class=\"elementor-icon-list-item\">\n\t\t\t\t\t\t\t\t\t\t\t<span class=\"elementor-icon-list-icon\">\n\t\t\t\t\t\t\t<svg aria-hidden=\"true\" class=\"e-font-icon-svg e-fas-check\" viewBox=\"0 0 512 512\" xmlns=\"http:\/\/www.w3.org\/2000\/svg\"><path d=\"M173.898 439.404l-166.4-166.4c-9.997-9.997-9.997-26.206 0-36.204l36.203-36.204c9.997-9.998 26.207-9.998 36.204 0L192 312.69 432.095 72.596c9.997-9.997 26.207-9.997 36.204 0l36.203 36.204c9.997 9.997 9.997 26.206 0 36.204l-294.4 294.401c-9.998 9.997-26.207 9.997-36.204-.001z\"><\/path><\/svg>\t\t\t\t\t\t<\/span>\n\t\t\t\t\t\t\t\t\t\t<span class=\"elementor-icon-list-text\">Si no est\u00e1s segur@, puedes enviar m\u00e1s de una foto, yo seleccionar\u00e9 la m\u00e1s \u00f3ptima.<\/span>\n\t\t\t\t\t\t\t\t\t<\/li>\n\t\t\t\t\t\t\t\t<li class=\"elementor-icon-list-item\">\n\t\t\t\t\t\t\t\t\t\t\t<span class=\"elementor-icon-list-icon\">\n\t\t\t\t\t\t\t<svg aria-hidden=\"true\" class=\"e-font-icon-svg e-fas-check\" viewBox=\"0 0 512 512\" xmlns=\"http:\/\/www.w3.org\/2000\/svg\"><path d=\"M173.898 439.404l-166.4-166.4c-9.997-9.997-9.997-26.206 0-36.204l36.203-36.204c9.997-9.998 26.207-9.998 36.204 0L192 312.69 432.095 72.596c9.997-9.997 26.207-9.997 36.204 0l36.203 36.204c9.997 9.997 9.997 26.206 0 36.204l-294.4 294.401c-9.998 9.997-26.207 9.997-36.204-.001z\"><\/path><\/svg>\t\t\t\t\t\t<\/span>\n\t\t\t\t\t\t\t\t\t\t<span class=\"elementor-icon-list-text\">Archivos soportados: Jpg\/Jpeg, Png y pdf<\/span>\n\t\t\t\t\t\t\t\t\t<\/li>\n\t\t\t\t\t\t\t\t<li class=\"elementor-icon-list-item\">\n\t\t\t\t\t\t\t\t\t\t\t<span class=\"elementor-icon-list-icon\">\n\t\t\t\t\t\t\t<svg aria-hidden=\"true\" class=\"e-font-icon-svg e-fas-check\" viewBox=\"0 0 512 512\" xmlns=\"http:\/\/www.w3.org\/2000\/svg\"><path d=\"M173.898 439.404l-166.4-166.4c-9.997-9.997-9.997-26.206 0-36.204l36.203-36.204c9.997-9.998 26.207-9.998 36.204 0L192 312.69 432.095 72.596c9.997-9.997 26.207-9.997 36.204 0l36.203 36.204c9.997 9.997 9.997 26.206 0 36.204l-294.4 294.401c-9.998 9.997-26.207 9.997-36.204-.001z\"><\/path><\/svg>\t\t\t\t\t\t<\/span>\n\t\t\t\t\t\t\t\t\t\t<span class=\"elementor-icon-list-text\">Tama\u00f1o m\u00e1ximo del archivo: 10mb<\/span>\n\t\t\t\t\t\t\t\t\t<\/li>\n\t\t\t\t\t\t<\/ul>\n\t\t\t\t\t\t<\/div>\n\t\t\t\t\t<\/div>\n\t\t\t\t<\/div>\n\t\t\t\t<\/div>\n\t\t","protected":false},"excerpt":{"rendered":"<p>Instrucciones Gu\u00eda para elegir una foto Para que tu acuarela quede perfecta, es muy importante que la foto que env\u00edes sea clara y de buena calidad. Cuanto mejor sea la foto, mejor ser\u00e1 el resultado final. Imagen completa del sujeto Por ejemplo, si deseas un retrato, evita las fotos en las que la persona est\u00e9 [&hellip;]<\/p>\n","protected":false},"author":1,"featured_media":0,"parent":0,"menu_order":0,"comment_status":"closed","ping_status":"closed","template":"","meta":{"footnotes":""},"class_list":["post-754","page","type-page","status-publish","hentry"],"_hostinger_reach_plugin_has_subscription_block":false,"_hostinger_reach_plugin_is_elementor":false,"_links":{"self":[{"href":"https:\/\/watercly.com\/es\/wp-json\/wp\/v2\/pages\/754","targetHints":{"allow":["GET"]}}],"collection":[{"href":"https:\/\/watercly.com\/es\/wp-json\/wp\/v2\/pages"}],"about":[{"href":"https:\/\/watercly.com\/es\/wp-json\/wp\/v2\/types\/page"}],"author":[{"embeddable":true,"href":"https:\/\/watercly.com\/es\/wp-json\/wp\/v2\/users\/1"}],"replies":[{"embeddable":true,"href":"https:\/\/watercly.com\/es\/wp-json\/wp\/v2\/comments?post=754"}],"version-history":[{"count":4,"href":"https:\/\/watercly.com\/es\/wp-json\/wp\/v2\/pages\/754\/revisions"}],"predecessor-version":[{"id":770,"href":"https:\/\/watercly.com\/es\/wp-json\/wp\/v2\/pages\/754\/revisions\/770"}],"wp:attachment":[{"href":"https:\/\/watercly.com\/es\/wp-json\/wp\/v2\/media?parent=754"}],"curies":[{"name":"wp","href":"https:\/\/api.w.org\/{rel}","templated":true}]}}